{"id":95,"date":"2016-03-02T17:12:02","date_gmt":"2016-03-02T17:12:02","guid":{"rendered":"http:\/\/amrumer-zentralmarkt-test.de\/?page_id=95"},"modified":"2016-03-06T15:41:33","modified_gmt":"2016-03-06T15:41:33","slug":"lage","status":"publish","type":"page","link":"https:\/\/amrumer-zentralmarkt.de\/?page_id=95","title":{"rendered":"Lage"},"content":{"rendered":"<p>[et_pb_section admin_label=&#8220;Sektion&#8220; fullwidth=&#8220;on&#8220; specialty=&#8220;off&#8220;][et_pb_fullwidth_image admin_label=&#8220;Volle Breite des Bildes&#8220; src=&#8220;http:\/\/amrumer-zentralmarkt-test.de\/wp-content\/uploads\/2016\/03\/HEADDER-2016-1.jpg&#8220; show_in_lightbox=&#8220;off&#8220; url_new_window=&#8220;off&#8220; use_overlay=&#8220;off&#8220; animation=&#8220;fade_in&#8220; use_border_color=&#8220;off&#8220; border_color=&#8220;#ffffff&#8220; border_style=&#8220;solid&#8220;] [\/et_pb_fullwidth_image][et_pb_fullwidth_map admin_label=&#8220;Vollbreite Karte&#8220; address=&#8220;Inselstra\u00dfe 26, 25946 Wittd\u00fcn auf Amrum, Deutschland&#8220; zoom_level=&#8220;15&#8243; address_lat=&#8220;54.62574013574665&#8243; address_lng=&#8220;8.395374834670983&#8243; mouse_wheel=&#8220;on&#8220;] [et_pb_map_pin title=&#8220;Amrumer Zentralmarkt&#8220; pin_address=&#8220;Inselstra\u00dfe 26, 25946 Wittd\u00fcn auf Amrum, Deutschland&#8220; pin_address_lat=&#8220;54.62699&#8243; pin_address_lng=&#8220;8.393389999999954&#8243;] [\/et_pb_map_pin] [\/et_pb_fullwidth_map][\/et_pb_section][et_pb_section admin_label=&#8220;Sektion&#8220; fullwidth=&#8220;off&#8220; specialty=&#8220;off&#8220;][et_pb_row admin_label=&#8220;Zeile&#8220;][et_pb_column type=&#8220;4_4&#8243;][et_pb_text admin_label=&#8220;Text&#8220; background_layout=&#8220;light&#8220; text_orientation=&#8220;left&#8220; use_border_color=&#8220;off&#8220; border_color=&#8220;#ffffff&#8220; border_style=&#8220;solid&#8220;]<\/p>\n<h3>Unsere Lage<\/h3>\n<p>Unterhalb von Sylt liegt unsere sch\u00f6ne Insel Amrum in der Nordsee.\u00a0Der Amrumer Zentralmarkt liegt in Wittd\u00fcn, dem Ort, wo auch die F\u00e4hre anlegt. Die zugeh\u00f6rigen Parkpl\u00e4tze erlauben ein leichtes einladen Ihrer Eink\u00e4ufe.<\/p>\n<p>[\/et_pb_text][\/et_pb_column][\/et_pb_row][\/et_pb_section]<\/p>\n","protected":false},"excerpt":{"rendered":"<p>[et_pb_section admin_label=&#8220;Sektion&#8220; fullwidth=&#8220;on&#8220; specialty=&#8220;off&#8220;][et_pb_fullwidth_image admin_label=&#8220;Volle Breite des Bildes&#8220; src=&#8220;http:\/\/amrumer-zentralmarkt-test.de\/wp-content\/uploads\/2016\/03\/HEADDER-2016-1.jpg&#8220; show_in_lightbox=&#8220;off&#8220; url_new_window=&#8220;off&#8220; use_overlay=&#8220;off&#8220; animation=&#8220;fade_in&#8220; use_border_color=&#8220;off&#8220; border_color=&#8220;#ffffff&#8220; border_style=&#8220;solid&#8220;] [\/et_pb_fullwidth_image][et_pb_fullwidth_map admin_label=&#8220;Vollbreite Karte&#8220; address=&#8220;Inselstra\u00dfe 26, 25946 Wittd\u00fcn auf Amrum, Deutschland&#8220; zoom_level=&#8220;15&#8243; address_lat=&#8220;54.62574013574665&#8243; address_lng=&#8220;8.395374834670983&#8243; mouse_wheel=&#8220;on&#8220;] [et_pb_map_pin title=&#8220;Amrumer Zentralmarkt&#8220; pin_address=&#8220;Inselstra\u00dfe 26, 25946 Wittd\u00fcn auf Amrum, Deutschland&#8220; pin_address_lat=&#8220;54.62699&#8243; pin_address_lng=&#8220;8.393389999999954&#8243;] [\/et_pb_map_pin] [\/et_pb_fullwidth_map][\/et_pb_section][et_pb_section admin_label=&#8220;Sektion&#8220; fullwidth=&#8220;off&#8220; specialty=&#8220;off&#8220;][et_pb_row admin_label=&#8220;Zeile&#8220;][et_pb_column type=&#8220;4_4&#8243;][et_pb_text admin_label=&#8220;Text&#8220; background_layout=&#8220;light&#8220; text_orientation=&#8220;left&#8220; use_border_color=&#8220;off&#8220; border_color=&#8220;#ffffff&#8220; border_style=&#8220;solid&#8220;] [&hellip;]<\/p>\n","protected":false},"author":1,"featured_media":0,"parent":0,"menu_order":0,"comment_status":"closed","ping_status":"closed","template":"","meta":{"_et_pb_use_builder":"on","_et_pb_old_content":"","_et_gb_content_width":"","footnotes":""},"_links":{"self":[{"href":"https:\/\/amrumer-zentralmarkt.de\/index.php?rest_route=\/wp\/v2\/pages\/95"}],"collection":[{"href":"https:\/\/amrumer-zentralmarkt.de\/index.php?rest_route=\/wp\/v2\/pages"}],"about":[{"href":"https:\/\/amrumer-zentralmarkt.de\/index.php?rest_route=\/wp\/v2\/types\/page"}],"author":[{"embeddable":true,"href":"https:\/\/amrumer-zentralmarkt.de\/index.php?rest_route=\/wp\/v2\/users\/1"}],"replies":[{"embeddable":true,"href":"https:\/\/amrumer-zentralmarkt.de\/index.php?rest_route=%2Fwp%2Fv2%2Fcomments&post=95"}],"version-history":[{"count":6,"href":"https:\/\/amrumer-zentralmarkt.de\/index.php?rest_route=\/wp\/v2\/pages\/95\/revisions"}],"predecessor-version":[{"id":180,"href":"https:\/\/amrumer-zentralmarkt.de\/index.php?rest_route=\/wp\/v2\/pages\/95\/revisions\/180"}],"wp:attachment":[{"href":"https:\/\/amrumer-zentralmarkt.de\/index.php?rest_route=%2Fwp%2Fv2%2Fmedia&parent=95"}],"curies":[{"name":"wp","href":"https:\/\/api.w.org\/{rel}","templated":true}]}}